{"id":328,"date":"2012-05-24T19:15:38","date_gmt":"2012-05-24T19:15:38","guid":{"rendered":"http:\/\/hartea.com\/?page_id=328"},"modified":"2016-04-13T11:37:43","modified_gmt":"2016-04-13T11:37:43","slug":"mentions-legales","status":"publish","type":"page","link":"https:\/\/ipb-services.com\/en\/mentions-legales\/","title":{"rendered":"Mentions l\u00e9gales"},"content":{"rendered":"<p>Le site internet www.ipb-services.com appartient \u00e0 EINES GROUP SAS \u2013 25, rue de Ponthieu 75008 Paris.<br \/>\nRCS Paris 801 835 182<br \/>\nEditeur: EINES GROUP SAS<br \/>\nResponsable de la publication: Karim ALGANI (courriel: contact @ einesgroup.com).<\/p>\n<p>-Propri\u00e9t\u00e9 intellectuelle-<br \/>\nEINES GROUP SAS avise les utilisateurs de ce site que les \u00e9l\u00e9ments pr\u00e9sent\u00e9s (photos, articles dessins, logos, noms de mod\u00e8les ou de marque, etc\u2026) sont prot\u00e9g\u00e9s par la l\u00e9gislation en vigueur et notamment par la l\u00e9gislation sur le droit d\u2019auteur, sur les dessins et mod\u00e8les, sur les marques, sur les bases de donn\u00e9es.<br \/>\nLa marque IPB Services, le logo, dessins et photographies ainsi que les textes de ce pr\u00e9sent site sont prot\u00e9g\u00e9es par la propri\u00e9t\u00e9 intellectuelle au titre du droit d\u2019auteur et\/ou du droit des marques.<br \/>\nLe Site ainsi prot\u00e9g\u00e9 de m\u00eame que son contenu est la propri\u00e9t\u00e9 de EINES GROUP SAS et\/ou de tiers ayant autoris\u00e9 EINES GROUP SAS \u00e0 les utiliser.<br \/>\nToute reproduction, repr\u00e9sentation, utilisation, adaptation, traduction, commercialisation, partielle ou int\u00e9grale est interdite, ceci sauf accord pr\u00e9alable \u00e9crit.<br \/>\nA d\u00e9faut, elle serait susceptible d\u2019en constituer une contrefa\u00e7on passible de sanctions tant civiles que p\u00e9nales.<\/p>\n<p>-Protection des donn\u00e9es-<br \/>\nSi un visiteur fournit des renseignements de contacts \u00e0 EINES GROUP SAS, ceux-ci seront stock\u00e9s dans une base de donn\u00e9es pour \u00eatre utilis\u00e9s pour des op\u00e9rations marketing, pour des analyses de march\u00e9, le suivi des ventes ainsi que pour pouvoir vous contacter.<br \/>\nConform\u00e9ment \u00e0 la loi n\u00b0 78-17 en date du 06 janvier 1978, dite loi Informatiques &amp; Libert\u00e9, il vous est possible \u00e0 tout moment d\u2019adresser une demande de modifications des informations vous concernant.<br \/>\nVous disposez de droits d\u2019opposition (art.26 de la loi), d\u2019acc\u00e8s (art.34 \u00e0 38 de la loi), et de rectification (art. 36 de la loi) des donn\u00e9es vous concernant.<br \/>\nPour cela vous pouvez contacter l\u2019administrateur du site dont les coordonn\u00e9es sont ci-haut.<\/p>\n<p>&nbsp;<\/p>","protected":false},"excerpt":{"rendered":"<p>Le site internet www.ipb-services.com appartient \u00e0 EINES GROUP SAS \u2013 25, rue de Ponthieu 75008 Paris. RCS Paris 801 835 182 Editeur: EINES GROUP SAS Responsable de la publication: Karim ALGANI (courriel: contact @ einesgroup.com). -Propri\u00e9t\u00e9 intellectuelle- EINES GROUP SAS avise les utilisateurs de ce site que les \u00e9l\u00e9ments pr\u00e9sent\u00e9s (photos, articles dessins, logos, noms [&hellip;]<\/p>\n","protected":false},"author":2,"featured_media":0,"parent":0,"menu_order":12,"comment_status":"open","ping_status":"closed","template":"page-beta.php","meta":{"ngg_post_thumbnail":0,"footnotes":""},"class_list":["post-328","page","type-page","status-publish","hentry"],"_links":{"self":[{"href":"https:\/\/ipb-services.com\/en\/wp-json\/wp\/v2\/pages\/328","targetHints":{"allow":["GET"]}}],"collection":[{"href":"https:\/\/ipb-services.com\/en\/wp-json\/wp\/v2\/pages"}],"about":[{"href":"https:\/\/ipb-services.com\/en\/wp-json\/wp\/v2\/types\/page"}],"author":[{"embeddable":true,"href":"https:\/\/ipb-services.com\/en\/wp-json\/wp\/v2\/users\/2"}],"replies":[{"embeddable":true,"href":"https:\/\/ipb-services.com\/en\/wp-json\/wp\/v2\/comments?post=328"}],"version-history":[{"count":0,"href":"https:\/\/ipb-services.com\/en\/wp-json\/wp\/v2\/pages\/328\/revisions"}],"wp:attachment":[{"href":"https:\/\/ipb-services.com\/en\/wp-json\/wp\/v2\/media?parent=328"}],"curies":[{"name":"wp","href":"https:\/\/api.w.org\/{rel}","templated":true}]}}